{"id":71,"date":"2017-12-20T10:40:17","date_gmt":"2017-12-20T10:40:17","guid":{"rendered":"http:\/\/farfirafilms.ma\/?page_id=71"},"modified":"2018-01-29T13:32:05","modified_gmt":"2018-01-29T13:32:05","slug":"rif-58-59-briser-le-silence-75min-2014","status":"publish","type":"page","link":"http:\/\/farfirafilms.ma\/index.php\/rif-58-59-briser-le-silence-75min-2014\/","title":{"rendered":"RIF 58-59, BRISER LE SILENCE, 2014"},"content":{"rendered":"<p><img decoding=\"async\" loading=\"lazy\" class=\" wp-image-35 aligncenter\" src=\"http:\/\/farfirafilms.ma\/wp-content\/uploads\/2017\/12\/RIF-58-59.jpg\" alt=\"Rif 58-59\" width=\"302\" height=\"430\" srcset=\"http:\/\/farfirafilms.ma\/wp-content\/uploads\/2017\/12\/RIF-58-59.jpg 562w, http:\/\/farfirafilms.ma\/wp-content\/uploads\/2017\/12\/RIF-58-59-211x300.jpg 211w, http:\/\/farfirafilms.ma\/wp-content\/uploads\/2017\/12\/RIF-58-59-500x712.jpg 500w\" sizes=\"(max-width: 302px) 100vw, 302px\" \/><\/p>\n<p>De 1958 \u00e0 1959, les habitants des provinces rifaines ont souffert d\u2019une f\u00e9roce r\u00e9pression en r\u00e9ponse \u00e0 leur soul\u00e8vement contre la cr\u00e9ation du nouvel \u00c9tat marocain. A\u00a0leurs yeux, la politique centraliste du royaume a d\u00e9truit leur structure politique, sociale et \u00e9conomique.\u00a0La peur s\u2019est install\u00e9e dans le rif marocain pendant plus de 50 ans en cr\u00e9ant un v\u00e9ritable tabou autour du sujet.<\/p>\n<p><a href=\"http:\/\/www.rif58-59.com\/\" class=\"external external_icon\" rel=\"nofollow\">http:\/\/www.rif58-59.com<\/a><\/p>\n<p>Mot de la production\u00a0:<\/p>\n<p>\u00ab\u00a0Nous avons d\u00e9cid\u00e9 de mettre une version gratuite sur Youtube avec les diff\u00e9rents sous-titrage, pour r\u00e9pondre \u00e0 l\u2019objectif premier du film qui \u00e9tait de r\u00e9v\u00e9ler une partie de l\u2019histoire rest\u00e9e en silence.\u00a0\u00bb<\/p>\n<p>Disponible en ligne\u00a0en 3 langues\u00a0:<\/p>\n<p>(version fran\u00e7aise)<\/p>\n<p><iframe loading=\"lazy\" width=\"660\" height=\"371\" src=\"https:\/\/www.youtube.com\/embed\/wcYgzAM7TEc?start=97&#038;feature=oembed\" frameborder=\"0\" allow=\"autoplay; encrypted-media\" allowfullscreen><\/iframe><\/p>\n<p>(version anglaise)<\/p>\n<p><iframe loading=\"lazy\" width=\"660\" height=\"371\" src=\"https:\/\/www.youtube.com\/embed\/lQmd3n19IUg?start=1183&#038;feature=oembed\" frameborder=\"0\" allow=\"autoplay; encrypted-media\" allowfullscreen><\/iframe><\/p>\n<p>(version espagnole)<\/p>\n<p><iframe loading=\"lazy\" width=\"660\" height=\"371\" src=\"https:\/\/www.youtube.com\/embed\/aOjI2JmYc9M?start=617&#038;feature=oembed\" frameborder=\"0\" allow=\"autoplay; encrypted-media\" allowfullscreen><\/iframe><\/p>\n<p>\u2013\u00a0\u00a0\u00a0\u00a0\u00a0\u00a0\u00a0\u00a0\u00a0\u00a0 Prix ARACNE-ESPAGNE du 1er film au Festival National du film de Tanger.<\/p>\n<p>\u2013\u00a0\u00a0\u00a0\u00a0\u00a0\u00a0\u00a0\u00a0\u00a0\u00a0 Prix du jury et Prix de commissions scientifiques du Festival International Cin\u00e9ma et M\u00e9moire Commune \u00e0 Nador.<\/p>\n<p>\u2013\u00a0\u00a0\u00a0\u00a0\u00a0\u00a0\u00a0\u00a0\u00a0\u00a0 Prix de la meilleure r\u00e9alisation au Festival International de Said\u00efa.<\/p>\n<p>\u2013\u00a0\u00a0\u00a0\u00a0\u00a0\u00a0\u00a0\u00a0\u00a0\u00a0 Prix Palmier d\u2019argent Festival International Cin\u00e9ma Arabe, Gabes, Tunisie.<\/p>\n<p>&nbsp;<\/p>\n","protected":false},"excerpt":{"rendered":"<p>De 1958 \u00e0 1959, les habitants des provinces rifaines ont souffert d\u2019une f\u00e9roce r\u00e9pression en r\u00e9ponse \u00e0 leur soul\u00e8vement contre la cr\u00e9ation du nouvel \u00c9tat marocain. A\u00a0leurs yeux, la politique centraliste du royaume a d\u00e9truit leur structure politique, sociale et \u00e9conomique.\u00a0La peur s\u2019est install\u00e9e dans le rif marocain pendant plus de 50 ans en cr\u00e9ant &hellip; <a href=\"http:\/\/farfirafilms.ma\/index.php\/rif-58-59-briser-le-silence-75min-2014\/\" class=\"more-link\">Continue reading <span class=\"screen-reader-text\">RIF 58-59, BRISER LE SILENCE, 2014<\/span><\/a><\/p>\n","protected":false},"author":2,"featured_media":35,"parent":0,"menu_order":0,"comment_status":"closed","ping_status":"closed","template":"","meta":[],"_links":{"self":[{"href":"http:\/\/farfirafilms.ma\/index.php\/wp-json\/wp\/v2\/pages\/71"}],"collection":[{"href":"http:\/\/farfirafilms.ma\/index.php\/wp-json\/wp\/v2\/pages"}],"about":[{"href":"http:\/\/farfirafilms.ma\/index.php\/wp-json\/wp\/v2\/types\/page"}],"author":[{"embeddable":true,"href":"http:\/\/farfirafilms.ma\/index.php\/wp-json\/wp\/v2\/users\/2"}],"replies":[{"embeddable":true,"href":"http:\/\/farfirafilms.ma\/index.php\/wp-json\/wp\/v2\/comments?post=71"}],"version-history":[{"count":7,"href":"http:\/\/farfirafilms.ma\/index.php\/wp-json\/wp\/v2\/pages\/71\/revisions"}],"predecessor-version":[{"id":238,"href":"http:\/\/farfirafilms.ma\/index.php\/wp-json\/wp\/v2\/pages\/71\/revisions\/238"}],"wp:featuredmedia":[{"embeddable":true,"href":"http:\/\/farfirafilms.ma\/index.php\/wp-json\/wp\/v2\/media\/35"}],"wp:attachment":[{"href":"http:\/\/farfirafilms.ma\/index.php\/wp-json\/wp\/v2\/media?parent=71"}],"curies":[{"name":"wp","href":"https:\/\/api.w.org\/{rel}","templated":true}]}}