{"id":2,"date":"2017-11-22T16:38:14","date_gmt":"2017-11-22T16:38:14","guid":{"rendered":"http:\/\/farfirafilms.ma\/?page_id=2"},"modified":"2023-02-24T10:36:15","modified_gmt":"2023-02-24T10:36:15","slug":"sample-page","status":"publish","type":"page","link":"https:\/\/farfirafilms.ma\/","title":{"rendered":"Accueil"},"content":{"rendered":"<script type=\"text\/javascript\">\r\njQuery( document ).ready(function( jQuery ) {\r\n\tjQuery( '#example3_316' ).sliderPro({\r\n\t\t\/\/width\r\n\t\t\t\twidth: 1000,\r\n\t\t\t\t\r\n\t\t\/\/height\r\n\t\t\t\theight: 500,\r\n\t\t\t\t\r\n\t\t\/\/autoplay\r\n\t\t\t\t\t\tautoplay: true,\r\n\t\tautoplayOnHover: 'pause',\r\n\t\t\t\t\t\tautoplayDelay: 5000,\r\n\t\t\r\n\t\t\r\n\t\tarrows: true,\r\n\t\tbuttons: true,\r\n\t\tsmallSize: 500,\r\n\t\tmediumSize: 1000,\r\n\t\tlargeSize: 3000,\r\n\t\tfade: false,\r\n\t\t\r\n\t\t\/\/thumbnail\r\n\t\tthumbnailArrows: true,\r\n\t\tthumbnailWidth: 120,\r\n\t\tthumbnailHeight: 120,\r\n\t\t\t\t\t\tthumbnailsPosition: 'bottom',\r\n\t\t\t\t\t\tcenterImage: true,\r\n\t\timageScaleMode: 'contain',\r\n\t\tallowScaleUp: true,\r\n\t\t\t\tstartSlide: 0,\r\n\t\tloop: true,\r\n\t\tslideDistance: 5,\r\n\t\tautoplayDirection: 'normal',\r\n\t\ttouchSwipe: true,\r\n\t\tfullScreen: true,\r\n\t});\r\n});\r\n<\/script>\r\n<style>\r\n\/* Layout 3 *\/\r\n\/* border *\/\r\n#example3_316 .sp-selected-thumbnail {\r\n\tborder: 4px solid #000000;\r\n}\r\n\r\n\/* font + color *\/\r\n.title-in  {\r\n\tfont-family: Arial !important;\r\n\tcolor: #000000 !important;\r\n\tbackground-color: #FFFFFF !important;\r\n\topacity: 0.7 !important;\r\n}\r\n.desc-in  {\r\n\tfont-family: Arial !important;\r\n\tcolor: #FFFFFF !important;\r\n\tbackground-color: #000000 !important;\r\n\topacity: 0.7 !important;\r\n}\r\n\r\n\/* bullets color *\/\r\n.sp-button  {\r\n\tborder: 2px solid #000000 !important;\r\n}\r\n.sp-selected-button  {\r\n\tbackground-color: #000000 !important;\r\n}\r\n\r\n\/* pointer color - bottom *\/\r\n.sp-selected-thumbnail::before {\r\n\tborder-bottom: 5px solid #000000 !important;\r\n}\r\n.sp-selected-thumbnail::after {\r\n\tborder-bottom: 13px solid #000000 !important;\r\n}\r\n\r\n\/* pointer color - top *\/\r\n\r\n\r\n\/* full screen icon *\/\r\n.sp-full-screen-button::before {\r\n    color: #840300 !important;\r\n}\r\n\r\n\/* hover navigation icon color *\/\r\n.sp-next-arrow::after, .sp-next-arrow::before {\r\n\tbackground-color: #840300 !important;\r\n}\r\n.sp-previous-arrow::after, .sp-previous-arrow::before {\r\n\tbackground-color: #840300 !important;\r\n}\r\n\r\n\r\n#example3_316 .title-in {\r\n\tcolor: #000000 !important;\r\n\tfont-weight: bolder;\r\n\ttext-align: center;\r\n}\r\n\r\n#example3_316 .title-in-bg {\r\n\tbackground: rgba(255, 255, 255, 0.7); !important;\r\n\twhite-space: unset !important;\r\n\tmax-width: 90%;\r\n\tmin-width: 40%;\r\n\ttransform: initial !important;\r\n\t-webkit-transform: initial !important;\r\n\tfont-size: 14px !important;\r\n}\r\n\r\n#example3_316 .desc-in {\r\n\tcolor: #FFFFFF !important;\r\n\ttext-align: center;\r\n}\r\n#example3_316 .desc-in-bg {\r\n\tbackground: rgba(#000000, 0.7) !important;\r\n\twhite-space: unset !important;\r\n\twidth: 80% !important;\r\n\tmin-width: 30%;\r\n\ttransform: initial !important;\r\n\t-webkit-transform: initial !important;\r\n\tfont-size: 13px !important;\r\n}\r\n\r\n@media (max-width: 640px) {\r\n\t#example3_316 .hide-small-screen {\r\n\t\tdisplay: none;\r\n\t}\r\n}\r\n\r\n@media (max-width: 860px) {\r\n\t#example3_316 .sp-layer {\r\n\t\tfont-size: 18px;\r\n\t}\r\n\t\r\n\t#example3_316 .hide-medium-screen {\r\n\t\tdisplay: none;\r\n\t}\r\n}\r\n\/* Custom CSS *\/\r\n<\/style>\r\n<div id=\"example3_316\" class=\"slider-pro\">\r\n\t<!---- slides div start ---->\r\n\t<div class=\"sp-slides\">\r\n\t\t\t\t\t\r\n\t\t<a href=\"\">\r\n\t\t<div class=\"sp-slide\">\r\n\t\t\t<img class=\"sp-image\" alt=\"318698107_560899782712154_8786226156407491610_n\" src=\"https:\/\/farfirafilms.ma\/wp-content\/plugins\/ultimate-responsive-image-slider\/css\/images\/blank.gif\" data-src=\"http:\/\/farfirafilms.ma\/wp-content\/uploads\/2023\/02\/318698107_560899782712154_8786226156407491610_n.jpg\" \/>\r\n\r\n\t\t\t\r\n\t\t\t\t\t<\/div>\r\n\t\t<\/a>\r\n\t\t\t\t\t\r\n\t\t<a href=\"\">\r\n\t\t<div class=\"sp-slide\">\r\n\t\t\t<img class=\"sp-image\" alt=\"les images accueil\" src=\"https:\/\/farfirafilms.ma\/wp-content\/plugins\/ultimate-responsive-image-slider\/css\/images\/blank.gif\" data-src=\"http:\/\/farfirafilms.ma\/wp-content\/uploads\/2019\/10\/46104963_2369216049787589_4623641678371094528_o-1.jpg\" \/>\r\n\r\n\t\t\t\r\n\t\t\t\t\t<\/div>\r\n\t\t<\/a>\r\n\t\t\t\t\t\r\n\t\t<a href=\"\">\r\n\t\t<div class=\"sp-slide\">\r\n\t\t\t<img class=\"sp-image\" alt=\"les images accueil\" src=\"https:\/\/farfirafilms.ma\/wp-content\/plugins\/ultimate-responsive-image-slider\/css\/images\/blank.gif\" data-src=\"http:\/\/farfirafilms.ma\/wp-content\/uploads\/2019\/10\/46136837_1870794443027841_4542968629045493760_n-1.jpg\" \/>\r\n\r\n\t\t\t\r\n\t\t\t\t\t<\/div>\r\n\t\t<\/a>\r\n\t\t\t\t\r\n\t<\/div>\r\n\t\r\n\t<!---- slides div end ---->\r\n\t\t<!-- slides thumbnails div start -->\r\n\t<div class=\"sp-thumbnails\">\r\n\t\t\t\t\t<img class=\"sp-thumbnail\" src=\"https:\/\/farfirafilms.ma\/wp-content\/plugins\/ultimate-responsive-image-slider\/img\/loading.gif\" data-src=\"http:\/\/farfirafilms.ma\/wp-content\/uploads\/2023\/02\/318698107_560899782712154_8786226156407491610_n-300x300.jpg\"\/>\r\n\t\t\t\t\t<img class=\"sp-thumbnail\" src=\"https:\/\/farfirafilms.ma\/wp-content\/plugins\/ultimate-responsive-image-slider\/img\/loading.gif\" data-src=\"http:\/\/farfirafilms.ma\/wp-content\/uploads\/2019\/10\/46104963_2369216049787589_4623641678371094528_o-1-300x300.jpg\"\/>\r\n\t\t\t\t\t<img class=\"sp-thumbnail\" src=\"https:\/\/farfirafilms.ma\/wp-content\/plugins\/ultimate-responsive-image-slider\/img\/loading.gif\" data-src=\"http:\/\/farfirafilms.ma\/wp-content\/uploads\/2019\/10\/46136837_1870794443027841_4542968629045493760_n-1-300x300.jpg\"\/>\r\n\t\t\t<\/div>\r\n\t\t<!-- slides thumbnails div end -->\t\r\n<\/div>\r\n\n&#8211; <strong>QUI SOMMES-NOUS ?<\/strong><\/p>\n<p>FarfiraFilms est une bo\u00eete de communication audiovisuelle bas\u00e9e au Maroc, pr\u00f4nant une approche sociale et participative et, avec une exp\u00e9rience de plus 10 ans dans le domaine de la production de film ind\u00e9pendant, ainsi que de services en offrant son expertise \u00e0 d&#8217;autres productions (Mus\u00e9es, Fondations, Minist\u00e8res, Organisations, Nationales et Internationales\u00a0\u2026)<\/p>\n<p>&#8211; <strong>PHILOSOPHIE \/ M\u00c9THODOLOGIE :<\/strong><\/p>\n<p>La maturit\u00e9, l\u2019exp\u00e9rience et les besoins du march\u00e9 nous poussent continuellement \u00e0 changer ou \u00e0 repenser l\u2019orientation de notre service, en l\u2019adaptant \u00e0 notre \u00e9poque.<br \/>\nAujourd\u2019hui, la technologie est plus accessible. La qualit\u00e9 de l\u2019image n&#8217;est plus un handicap, il existe beaucoup plus de formats et de canaux de diffusion.<br \/>\nMais ce qui fait la diff\u00e9rence est l\u2019originalit\u00e9 des id\u00e9es, et comment, o\u00f9, et quand, raconter les histoires.<\/p>\n","protected":false},"excerpt":{"rendered":"<p>&#8211; QUI SOMMES-NOUS ? FarfiraFilms est une bo\u00eete de communication audiovisuelle bas\u00e9e au Maroc, pr\u00f4nant une approche sociale et participative et, avec une exp\u00e9rience de plus 10 ans dans le domaine de la production de film ind\u00e9pendant, ainsi que de services en offrant son expertise \u00e0 d&#8217;autres productions (Mus\u00e9es, Fondations, Minist\u00e8res, Organisations, Nationales et Internationales\u00a0\u2026) &hellip; <a href=\"https:\/\/farfirafilms.ma\/?ris_gallery=sound-of-berberia\" class=\"more-link\">Continue reading <span class=\"screen-reader-text\">les images accueil<\/span><\/a><\/p>\n","protected":false},"author":2,"featured_media":0,"parent":0,"menu_order":0,"comment_status":"closed","ping_status":"open","template":"","meta":[],"_links":{"self":[{"href":"https:\/\/farfirafilms.ma\/index.php\/wp-json\/wp\/v2\/pages\/2"}],"collection":[{"href":"https:\/\/farfirafilms.ma\/index.php\/wp-json\/wp\/v2\/pages"}],"about":[{"href":"https:\/\/farfirafilms.ma\/index.php\/wp-json\/wp\/v2\/types\/page"}],"author":[{"embeddable":true,"href":"https:\/\/farfirafilms.ma\/index.php\/wp-json\/wp\/v2\/users\/2"}],"replies":[{"embeddable":true,"href":"https:\/\/farfirafilms.ma\/index.php\/wp-json\/wp\/v2\/comments?post=2"}],"version-history":[{"count":25,"href":"https:\/\/farfirafilms.ma\/index.php\/wp-json\/wp\/v2\/pages\/2\/revisions"}],"predecessor-version":[{"id":436,"href":"https:\/\/farfirafilms.ma\/index.php\/wp-json\/wp\/v2\/pages\/2\/revisions\/436"}],"wp:attachment":[{"href":"https:\/\/farfirafilms.ma\/index.php\/wp-json\/wp\/v2\/media?parent=2"}],"curies":[{"name":"wp","href":"https:\/\/api.w.org\/{rel}","templated":true}]}}