{"id":60,"date":"2017-12-13T10:43:05","date_gmt":"2017-12-13T10:43:05","guid":{"rendered":"http:\/\/farfirafilms.ma\/?page_id=60"},"modified":"2020-01-20T09:13:31","modified_gmt":"2020-01-20T09:13:31","slug":"production","status":"publish","type":"page","link":"https:\/\/farfirafilms.ma\/index.php\/production\/","title":{"rendered":"Services \/ Films Institutionnels"},"content":{"rendered":"<p>FarfiraFilms a produit plus d\u2019une vingtaine de films institutionnels, ainsi que de services en offrant son expertise \u00e0 d&#8217;autres productions (Mus\u00e9es, Fondations, Minist\u00e8res, Organisations, Nationales et Internationales\u00a0\u2026)<\/p>\n<p style=\"text-align: center;\"><strong>ILS NOUS ONT FAIT CONFIANCE:<\/strong><\/p>\n<p><img decoding=\"async\" loading=\"lazy\" class=\"wp-image-365 aligncenter\" src=\"http:\/\/farfirafilms.ma\/wp-content\/uploads\/2020\/01\/Captura-de-pantalla-2020-01-16-a-las-21.08.00-1-1-300x195.png\" alt=\"\" width=\"905\" height=\"588\" srcset=\"https:\/\/farfirafilms.ma\/wp-content\/uploads\/2020\/01\/Captura-de-pantalla-2020-01-16-a-las-21.08.00-1-1-300x195.png 300w, https:\/\/farfirafilms.ma\/wp-content\/uploads\/2020\/01\/Captura-de-pantalla-2020-01-16-a-las-21.08.00-1-1-150x98.png 150w, https:\/\/farfirafilms.ma\/wp-content\/uploads\/2020\/01\/Captura-de-pantalla-2020-01-16-a-las-21.08.00-1-1-768x499.png 768w, https:\/\/farfirafilms.ma\/wp-content\/uploads\/2020\/01\/Captura-de-pantalla-2020-01-16-a-las-21.08.00-1-1-1024x666.png 1024w, https:\/\/farfirafilms.ma\/wp-content\/uploads\/2020\/01\/Captura-de-pantalla-2020-01-16-a-las-21.08.00-1-1-500x325.png 500w, https:\/\/farfirafilms.ma\/wp-content\/uploads\/2020\/01\/Captura-de-pantalla-2020-01-16-a-las-21.08.00-1-1.png 1207w\" sizes=\"(max-width: 905px) 100vw, 905px\" \/><\/p>\n","protected":false},"excerpt":{"rendered":"<p>FarfiraFilms a produit plus d\u2019une vingtaine de films institutionnels, ainsi que de services en offrant son expertise \u00e0 d&#8217;autres productions (Mus\u00e9es, Fondations, Minist\u00e8res, Organisations, Nationales et Internationales\u00a0\u2026) ILS NOUS ONT FAIT CONFIANCE:<\/p>\n","protected":false},"author":2,"featured_media":0,"parent":0,"menu_order":0,"comment_status":"closed","ping_status":"closed","template":"","meta":[],"_links":{"self":[{"href":"https:\/\/farfirafilms.ma\/index.php\/wp-json\/wp\/v2\/pages\/60"}],"collection":[{"href":"https:\/\/farfirafilms.ma\/index.php\/wp-json\/wp\/v2\/pages"}],"about":[{"href":"https:\/\/farfirafilms.ma\/index.php\/wp-json\/wp\/v2\/types\/page"}],"author":[{"embeddable":true,"href":"https:\/\/farfirafilms.ma\/index.php\/wp-json\/wp\/v2\/users\/2"}],"replies":[{"embeddable":true,"href":"https:\/\/farfirafilms.ma\/index.php\/wp-json\/wp\/v2\/comments?post=60"}],"version-history":[{"count":29,"href":"https:\/\/farfirafilms.ma\/index.php\/wp-json\/wp\/v2\/pages\/60\/revisions"}],"predecessor-version":[{"id":428,"href":"https:\/\/farfirafilms.ma\/index.php\/wp-json\/wp\/v2\/pages\/60\/revisions\/428"}],"wp:attachment":[{"href":"https:\/\/farfirafilms.ma\/index.php\/wp-json\/wp\/v2\/media?parent=60"}],"curies":[{"name":"wp","href":"https:\/\/api.w.org\/{rel}","templated":true}]}}