{"id":85,"date":"2017-12-20T10:43:42","date_gmt":"2017-12-20T10:43:42","guid":{"rendered":"http:\/\/farfirafilms.ma\/?page_id=85"},"modified":"2018-01-29T14:43:29","modified_gmt":"2018-01-29T14:43:29","slug":"cooperativisme-feminin10min-2011","status":"publish","type":"page","link":"https:\/\/farfirafilms.ma\/index.php\/cooperativisme-feminin10min-2011\/","title":{"rendered":"Cooperativisme f\u00e9minin"},"content":{"rendered":"<p>Montrer les r\u00e9sultats d\u2019un voyage d\u2019\u00e9change d\u2019exp\u00e9riences de coop\u00e9ratives f\u00e9minines\u00a0 entre elles, de Guelmim, Asfi, Agadir et Casablanca.<\/p>\n<p><img decoding=\"async\" loading=\"lazy\" class=\"alignnone wp-image-135\" src=\"http:\/\/farfirafilms.ma\/wp-content\/uploads\/2017\/12\/logo4.jpg\" alt=\"\" width=\"172\" height=\"91\" srcset=\"https:\/\/farfirafilms.ma\/wp-content\/uploads\/2017\/12\/logo4.jpg 897w, https:\/\/farfirafilms.ma\/wp-content\/uploads\/2017\/12\/logo4-300x159.jpg 300w, https:\/\/farfirafilms.ma\/wp-content\/uploads\/2017\/12\/logo4-768x407.jpg 768w, https:\/\/farfirafilms.ma\/wp-content\/uploads\/2017\/12\/logo4-500x265.jpg 500w\" sizes=\"(max-width: 172px) 100vw, 172px\" \/> <img decoding=\"async\" loading=\"lazy\" class=\"alignnone wp-image-136\" src=\"http:\/\/farfirafilms.ma\/wp-content\/uploads\/2017\/12\/logo5.jpg\" alt=\"\" width=\"122\" height=\"90\" srcset=\"https:\/\/farfirafilms.ma\/wp-content\/uploads\/2017\/12\/logo5.jpg 1500w, https:\/\/farfirafilms.ma\/wp-content\/uploads\/2017\/12\/logo5-300x220.jpg 300w, https:\/\/farfirafilms.ma\/wp-content\/uploads\/2017\/12\/logo5-768x563.jpg 768w, https:\/\/farfirafilms.ma\/wp-content\/uploads\/2017\/12\/logo5-1024x751.jpg 1024w, https:\/\/farfirafilms.ma\/wp-content\/uploads\/2017\/12\/logo5-500x367.jpg 500w\" sizes=\"(max-width: 122px) 100vw, 122px\" \/><\/p>\n<p><img decoding=\"async\" loading=\"lazy\" class=\" wp-image-165 aligncenter\" src=\"http:\/\/farfirafilms.ma\/wp-content\/uploads\/2017\/12\/Photo12.png\" alt=\"\" width=\"402\" height=\"213\" srcset=\"https:\/\/farfirafilms.ma\/wp-content\/uploads\/2017\/12\/Photo12.png 1267w, https:\/\/farfirafilms.ma\/wp-content\/uploads\/2017\/12\/Photo12-300x159.png 300w, https:\/\/farfirafilms.ma\/wp-content\/uploads\/2017\/12\/Photo12-768x407.png 768w, https:\/\/farfirafilms.ma\/wp-content\/uploads\/2017\/12\/Photo12-1024x543.png 1024w, https:\/\/farfirafilms.ma\/wp-content\/uploads\/2017\/12\/Photo12-500x265.png 500w\" sizes=\"(max-width: 402px) 100vw, 402px\" \/><\/p>\n","protected":false},"excerpt":{"rendered":"<p>Montrer les r\u00e9sultats d\u2019un voyage d\u2019\u00e9change d\u2019exp\u00e9riences de coop\u00e9ratives f\u00e9minines\u00a0 entre elles, de Guelmim, Asfi, Agadir et Casablanca.<\/p>\n","protected":false},"author":2,"featured_media":0,"parent":0,"menu_order":0,"comment_status":"closed","ping_status":"closed","template":"","meta":[],"_links":{"self":[{"href":"https:\/\/farfirafilms.ma\/index.php\/wp-json\/wp\/v2\/pages\/85"}],"collection":[{"href":"https:\/\/farfirafilms.ma\/index.php\/wp-json\/wp\/v2\/pages"}],"about":[{"href":"https:\/\/farfirafilms.ma\/index.php\/wp-json\/wp\/v2\/types\/page"}],"author":[{"embeddable":true,"href":"https:\/\/farfirafilms.ma\/index.php\/wp-json\/wp\/v2\/users\/2"}],"replies":[{"embeddable":true,"href":"https:\/\/farfirafilms.ma\/index.php\/wp-json\/wp\/v2\/comments?post=85"}],"version-history":[{"count":8,"href":"https:\/\/farfirafilms.ma\/index.php\/wp-json\/wp\/v2\/pages\/85\/revisions"}],"predecessor-version":[{"id":271,"href":"https:\/\/farfirafilms.ma\/index.php\/wp-json\/wp\/v2\/pages\/85\/revisions\/271"}],"wp:attachment":[{"href":"https:\/\/farfirafilms.ma\/index.php\/wp-json\/wp\/v2\/media?parent=85"}],"curies":[{"name":"wp","href":"https:\/\/api.w.org\/{rel}","templated":true}]}}